{"id":684,"date":"2024-02-08T19:44:18","date_gmt":"2024-02-08T18:44:18","guid":{"rendered":"https:\/\/heinzdauhrer.de\/wordpress\/?page_id=684"},"modified":"2025-07-11T18:19:47","modified_gmt":"2025-07-11T16:19:47","slug":"pressematerial","status":"publish","type":"page","link":"https:\/\/www.bavarian-jazzband.de\/wordpress\/pressematerial\/","title":{"rendered":"Pressematerial"},"content":{"rendered":"\n<div style=\"height:48px\" aria-hidden=\"true\" class=\"wp-block-spacer\"><\/div>\n\n\n\n<div class=\"wp-block-columns is-layout-flex wp-container-core-columns-is-layout-28f84493 wp-block-columns-is-layout-flex\">\n<div class=\"wp-block-column is-layout-flow wp-block-column-is-layout-flow\">\n<figure class=\"wp-block-image size-full is-resized\"><a href=\"https:\/\/www.bavarian-jazzband.de\/wordpress\/wp-content\/uploads\/2024\/04\/HeinzDauhrer_b-6513web-Kopie.jpg\"><img loading=\"lazy\" decoding=\"async\" width=\"567\" height=\"851\" src=\"https:\/\/www.bavarian-jazzband.de\/wordpress\/wp-content\/uploads\/2024\/04\/HeinzDauhrer_b-6513web-Kopie.jpg\" alt=\"\" class=\"wp-image-841\" style=\"width:400px;height:auto\"\/><\/a><\/figure>\n\n\n\n<div class=\"wp-block-columns is-layout-flex wp-container-core-columns-is-layout-28f84493 wp-block-columns-is-layout-flex\">\n<div class=\"wp-block-column is-layout-flow wp-block-column-is-layout-flow\">\n<div class=\"wp-block-columns is-layout-flex wp-container-core-columns-is-layout-28f84493 wp-block-columns-is-layout-flex\">\n<div class=\"wp-block-column is-layout-flow wp-block-column-is-layout-flow\">\n<p>Heinz Dauhrer<\/p>\n<\/div>\n<\/div>\n<\/div>\n<\/div>\n<\/div>\n\n\n\n<div class=\"wp-block-column is-layout-flow wp-block-column-is-layout-flow\">\n<p>Heinz Dauhrer, Trompeter, Organisator von m\u00fcnchen swingt, Bandleader, musikalischer Leiter und vor allem: Vollblutmusiker.<br>Nach Abschlu\u00df seines Musikstudiums am Richard Strau\u00df Konservatorium in M\u00fcnchen spielte er in \u00fcber 35 Jahren in unz\u00e4hligen Bands und mit K\u00fcnstlern in nahezu allen Musikgenres. Er ist st\u00e4ndiges Mitglied der Veterinary Street Jazz Band, wie auch der Hot Stuff Jazzband und seine besondere Liebe gilt dem Swing. Mit gro\u00dfer Leidenschaft stellt er das Programm von m\u00fcnchen swingt zusammen, leitet das Wine and Roses Swing Orchestra und f\u00fchrt mit seinem unwiderstehlichen Charme durch die Konzerte.<\/p>\n\n\n\n<p><\/p>\n\n\n\n<p><a href=\"https:\/\/heinzdauhrer.de\">https:\/\/heinzdauhrer.de<\/a><\/p>\n\n\n\n<p><\/p>\n\n\n\n<div style=\"height:134px\" aria-hidden=\"true\" class=\"wp-block-spacer\"><\/div>\n<\/div>\n\n\n\n<div class=\"wp-block-column is-layout-flow wp-block-column-is-layout-flow\"><\/div>\n<\/div>\n","protected":false},"excerpt":{"rendered":"<p>Heinz Dauhrer Heinz Dauhrer, Trompeter, Organisator von m\u00fcnchen swingt, Bandleader, musikalischer Leiter und vor allem: Vollblutmusiker.Nach Abschlu\u00df seines Musikstudiums am Richard Strau\u00df Konservatorium in M\u00fcnchen spielte er in \u00fcber 35 Jahren in unz\u00e4hligen Bands und mit K\u00fcnstlern in nahezu allen Musikgenres. Er ist st\u00e4ndiges Mitglied der Veterinary Street Jazz Band, wie auch der Hot Stuff [&hellip;]<\/p>\n","protected":false},"author":1,"featured_media":0,"parent":0,"menu_order":0,"comment_status":"closed","ping_status":"closed","template":"","meta":{"footnotes":""},"class_list":["post-684","page","type-page","status-publish","hentry"],"_links":{"self":[{"href":"https:\/\/www.bavarian-jazzband.de\/wordpress\/wp-json\/wp\/v2\/pages\/684","targetHints":{"allow":["GET"]}}],"collection":[{"href":"https:\/\/www.bavarian-jazzband.de\/wordpress\/wp-json\/wp\/v2\/pages"}],"about":[{"href":"https:\/\/www.bavarian-jazzband.de\/wordpress\/wp-json\/wp\/v2\/types\/page"}],"author":[{"embeddable":true,"href":"https:\/\/www.bavarian-jazzband.de\/wordpress\/wp-json\/wp\/v2\/users\/1"}],"replies":[{"embeddable":true,"href":"https:\/\/www.bavarian-jazzband.de\/wordpress\/wp-json\/wp\/v2\/comments?post=684"}],"version-history":[{"count":45,"href":"https:\/\/www.bavarian-jazzband.de\/wordpress\/wp-json\/wp\/v2\/pages\/684\/revisions"}],"predecessor-version":[{"id":931,"href":"https:\/\/www.bavarian-jazzband.de\/wordpress\/wp-json\/wp\/v2\/pages\/684\/revisions\/931"}],"wp:attachment":[{"href":"https:\/\/www.bavarian-jazzband.de\/wordpress\/wp-json\/wp\/v2\/media?parent=684"}],"curies":[{"name":"wp","href":"https:\/\/api.w.org\/{rel}","templated":true}]}}